{"id":276,"date":"2015-11-25T18:00:07","date_gmt":"2015-11-25T17:00:07","guid":{"rendered":"http:\/\/trufgourmet.com\/fr\/?page_id=276"},"modified":"2023-11-24T13:18:55","modified_gmt":"2023-11-24T12:18:55","slug":"nouvelles","status":"publish","type":"page","link":"https:\/\/www.trufgourmet.com\/fr\/nouvelles\/","title":{"rendered":"Nouvelles"},"content":{"rendered":"<p>[et_pb_section fb_built=\u00a0\u00bb1&Prime; fullwidth=\u00a0\u00bbon\u00a0\u00bb _builder_version=\u00a0\u00bb4.23&Prime; _module_preset=\u00a0\u00bbdefault\u00a0\u00bb global_colors_info=\u00a0\u00bb{}\u00a0\u00bb][et_pb_fullwidth_slider _builder_version=\u00a0\u00bb4.23&Prime; _module_preset=\u00a0\u00bbdefault\u00a0\u00bb header_text_align=\u00a0\u00bbleft\u00a0\u00bb global_colors_info=\u00a0\u00bb{}\u00a0\u00bb][et_pb_slide heading=\u00a0\u00bbNouvelles\u00a0\u00bb _builder_version=\u00a0\u00bb4.23&Prime; _module_preset=\u00a0\u00bbdefault\u00a0\u00bb header_level=\u00a0\u00bbh2&Prime; header_text_align=\u00a0\u00bbleft\u00a0\u00bb body_font_size=\u00a0\u00bb22px\u00a0\u00bb use_background_color_gradient=\u00a0\u00bbon\u00a0\u00bb background_color_gradient_stops=\u00a0\u00bbrgba(0,0,0,0.31) 0%|rgba(0,0,0,0.31) 100%\u00a0\u00bb background_color_gradient_overlays_image=\u00a0\u00bbon\u00a0\u00bb background_image=\u00a0\u00bbhttps:\/\/beta.trufgourmet.com\/wp-content\/uploads\/2023\/10\/perretes-trufa-negra.png\u00a0\u00bb background_enable_image=\u00a0\u00bbon\u00a0\u00bb custom_button=\u00a0\u00bbon\u00a0\u00bb button_text_size=\u00a0\u00bb18px\u00a0\u00bb button_text_color=\u00a0\u00bb#FFFFFF\u00a0\u00bb button_bg_color=\u00a0\u00bbRGBA(255,255,255,0)\u00a0\u00bb button_border_width=\u00a0\u00bb3px\u00a0\u00bb button_border_color=\u00a0\u00bb#A38526&Prime; button_border_radius=\u00a0\u00bb0px\u00a0\u00bb button_letter_spacing=\u00a0\u00bb1px\u00a0\u00bb button_font=\u00a0\u00bbAboreto||||||||\u00a0\u00bb button_use_icon=\u00a0\u00bboff\u00a0\u00bb button_custom_padding=\u00a0\u00bb12px|30px|12px|30px|true|true\u00a0\u00bb text_orientation=\u00a0\u00bbleft\u00a0\u00bb header_font_size_tablet=\u00a0\u00bb42px\u00a0\u00bb header_font_size_phone=\u00a0\u00bb29px\u00a0\u00bb header_font_size_last_edited=\u00a0\u00bbon|phone\u00a0\u00bb body_font_size_tablet=\u00a0\u00bb\u00a0\u00bb body_font_size_phone=\u00a0\u00bb20px\u00a0\u00bb body_font_size_last_edited=\u00a0\u00bbon|tablet\u00a0\u00bb button_text_size_tablet=\u00a0\u00bb17px\u00a0\u00bb button_text_size_phone=\u00a0\u00bb16px\u00a0\u00bb button_text_size_last_edited=\u00a0\u00bbon|phone\u00a0\u00bb global_colors_info=\u00a0\u00bb{}\u00a0\u00bb button_bg_color__hover_enabled=\u00a0\u00bbon|hover\u00a0\u00bb button_bg_color__hover=\u00a0\u00bb#A38526&Prime; button_bg_enable_color__hover=\u00a0\u00bbon\u00a0\u00bb sticky_transition=\u00a0\u00bbon\u00a0\u00bb][\/et_pb_slide][\/et_pb_fullwidth_slider][\/et_pb_section][et_pb_section fb_built=\u00a0\u00bb1&Prime; custom_padding_last_edited=\u00a0\u00bbon|phone\u00a0\u00bb _builder_version=\u00a0\u00bb4.23&Prime; background_enable_color=\u00a0\u00bboff\u00a0\u00bb background_enable_image=\u00a0\u00bboff\u00a0\u00bb custom_padding=\u00a0\u00bb107px|0px|124px|0px|false|false\u00a0\u00bb custom_padding_tablet=\u00a0\u00bb50px||50px||true|false\u00a0\u00bb custom_padding_phone=\u00a0\u00bb30px||30px||true|false\u00a0\u00bb global_colors_info=\u00a0\u00bb{}\u00a0\u00bb][et_pb_row _builder_version=\u00a0\u00bb4.23&Prime; custom_padding=\u00a0\u00bb27px|0px|18px|0px|false|false\u00a0\u00bb animation_style=\u00a0\u00bbslide\u00a0\u00bb animation_direction=\u00a0\u00bbtop\u00a0\u00bb animation_intensity_slide=\u00a0\u00bb5%\u00a0\u00bb global_colors_info=\u00a0\u00bb{}\u00a0\u00bb][et_pb_column type=\u00a0\u00bb4_4&Prime; _builder_version=\u00a0\u00bb4.16&Prime; custom_padding=\u00a0\u00bb|||\u00a0\u00bb global_colors_info=\u00a0\u00bb{}\u00a0\u00bb custom_padding__hover=\u00a0\u00bb|||\u00a0\u00bb][et_pb_text _builder_version=\u00a0\u00bb4.23&Prime; text_text_color=\u00a0\u00bb#000000&Prime; text_line_height=\u00a0\u00bb1.8em\u00a0\u00bb header_font=\u00a0\u00bbOswald|||on|||||\u00a0\u00bb header_text_align=\u00a0\u00bbcenter\u00a0\u00bb header_text_color=\u00a0\u00bb#844200&Prime; header_letter_spacing=\u00a0\u00bb2px\u00a0\u00bb header_line_height=\u00a0\u00bb1.3em\u00a0\u00bb header_2_text_color=\u00a0\u00bb#A38526&Prime; text_orientation=\u00a0\u00bbcenter\u00a0\u00bb max_width=\u00a0\u00bb60%\u00a0\u00bb max_width_tablet=\u00a0\u00bb85%\u00a0\u00bb max_width_phone=\u00a0\u00bb100%\u00a0\u00bb max_width_last_edited=\u00a0\u00bbon|phone\u00a0\u00bb module_alignment=\u00a0\u00bbcenter\u00a0\u00bb header_2_font_size_tablet=\u00a0\u00bb\u00a0\u00bb header_2_font_size_phone=\u00a0\u00bb22px\u00a0\u00bb header_2_font_size_last_edited=\u00a0\u00bbon|phone\u00a0\u00bb text_orientation_tablet=\u00a0\u00bbcenter\u00a0\u00bb text_orientation_phone=\u00a0\u00bbleft\u00a0\u00bb text_orientation_last_edited=\u00a0\u00bbon|phone\u00a0\u00bb global_colors_info=\u00a0\u00bb{}\u00a0\u00bb]<\/p>\n<h2>D\u00e9couvrez le monde myst\u00e9rieux de la truffe noire<\/h2>\n<p>Nous vous tiendrons au courant des derni\u00e8res nouvelles, des tendances et des secrets de ce tr\u00e9sor culinaire convoit\u00e9. Trouvez tout ce dont vous avez besoin pour vous immerger dans l&rsquo;ar\u00f4me et le go\u00fbt de ce d\u00e9lice unique.<\/p>\n<p>[\/et_pb_text][\/et_pb_column][\/et_pb_row][et_pb_row _builder_version=\u00a0\u00bb4.23&Prime; _module_preset=\u00a0\u00bbdefault\u00a0\u00bb global_colors_info=\u00a0\u00bb{}\u00a0\u00bb][et_pb_column type=\u00a0\u00bb4_4&Prime; _builder_version=\u00a0\u00bb4.23&Prime; _module_preset=\u00a0\u00bbdefault\u00a0\u00bb global_colors_info=\u00a0\u00bb{}\u00a0\u00bb]<\/p>\n<p>[et_pb_blog include_categories=\u00a0\u00bb1&Prime; meta_date=\u00a0\u00bbj M Y\u00a0\u00bb show_more=\u00a0\u00bbon\u00a0\u00bb show_author=\u00a0\u00bboff\u00a0\u00bb show_categories=\u00a0\u00bboff\u00a0\u00bb show_pagination=\u00a0\u00bboff\u00a0\u00bb _builder_version=\u00a0\u00bb4.23&Prime; _module_preset=\u00a0\u00bbdefault\u00a0\u00bb header_text_color=\u00a0\u00bb#000000&Prime; header_font_size=\u00a0\u00bb19px\u00a0\u00bb body_text_color=\u00a0\u00bb#3D3C3F\u00a0\u00bb body_font_size=\u00a0\u00bb17px\u00a0\u00bb body_line_height=\u00a0\u00bb1.4em\u00a0\u00bb meta_font=\u00a0\u00bb|300|||||||\u00a0\u00bb meta_text_color=\u00a0\u00bb#A38526&Prime; read_more_font=\u00a0\u00bb|700||on|||||\u00a0\u00bb read_more_text_color=\u00a0\u00bb#000000&Prime; read_more_line_height=\u00a0\u00bb2.8em\u00a0\u00bb custom_css_main_element=\u00a0\u00bbcolumn-count: 2;\u00a0\u00bb border_width_all=\u00a0\u00bb2px\u00a0\u00bb border_color_all=\u00a0\u00bb#A38526&Prime; global_colors_info=\u00a0\u00bb{}\u00a0\u00bb custom_css_main_element_last_edited=\u00a0\u00bbon|tablet\u00a0\u00bb custom_css_main_element_tablet=\u00a0\u00bbcolumn-count: 1;\u00a0\u00bb custom_css_main_element_phone=\u00a0\u00bbcolumn-count: 1;\u00a0\u00bb][\/et_pb_blog]<\/p>\n<p>[\/et_pb_column][\/et_pb_row][\/et_pb_section]<\/p>\n","protected":false},"excerpt":{"rendered":"<p>D\u00e9couvrez le monde myst\u00e9rieux de la truffe noire Nous vous tiendrons au courant des derni\u00e8res nouvelles, des tendances et des secrets de ce tr\u00e9sor culinaire convoit\u00e9. Trouvez tout ce dont vous avez besoin pour vous immerger dans l&rsquo;ar\u00f4me et le go\u00fbt de ce d\u00e9lice unique.<\/p>\n","protected":false},"author":1,"featured_media":0,"parent":0,"menu_order":0,"comment_status":"closed","ping_status":"closed","template":"","meta":{"_et_pb_use_builder":"on","_et_pb_old_content":"","_et_gb_content_width":"","inline_featured_image":false,"_monsterinsights_skip_tracking":false,"_monsterinsights_sitenote_active":false,"_monsterinsights_sitenote_note":"","_monsterinsights_sitenote_category":0,"footnotes":""},"class_list":["post-276","page","type-page","status-publish","hentry"],"yoast_head":"<!-- This site is optimized with the Yoast SEO plugin v25.5 - https:\/\/yoast.com\/wordpress\/plugins\/seo\/ -->\n<title>Noticias sobre trufa negra - TrufGourmet<\/title>\n<meta name=\"description\" content=\"Noticias sobre trufa negra. Mantente informado sobre el mundo de la micolog\u00eda, la trufa negra, tuber melanosporum. Actualidad, eventos, precios y mucho m\u00e1s.\" \/>\n<meta name=\"robots\" content=\"index, follow, max-snippet:-1, max-image-preview:large, max-video-preview:-1\" \/>\n<link rel=\"canonical\" href=\"https:\/\/www.trufgourmet.com\/fr\/nouvelles\/\" \/>\n<meta property=\"og:locale\" content=\"fr_FR\" \/>\n<meta property=\"og:type\" content=\"article\" \/>\n<meta property=\"og:title\" content=\"Noticias sobre trufa negra - TrufGourmet\" \/>\n<meta property=\"og:description\" content=\"Noticias sobre trufa negra. Mantente informado sobre el mundo de la micolog\u00eda, la trufa negra, tuber melanosporum. Actualidad, eventos, precios y mucho m\u00e1s.\" \/>\n<meta property=\"og:url\" content=\"https:\/\/www.trufgourmet.com\/fr\/nouvelles\/\" \/>\n<meta property=\"og:site_name\" content=\"TrufGourmet\" \/>\n<meta property=\"article:publisher\" content=\"https:\/\/www.facebook.com\/TrufGourmet\" \/>\n<meta property=\"article:modified_time\" content=\"2023-11-24T12:18:55+00:00\" \/>\n<meta property=\"og:image\" content=\"https:\/\/www.trufgourmet.com\/wp-content\/uploads\/2015\/12\/truf-gourmet-logo-texturas.jpg\" \/>\n\t<meta property=\"og:image:width\" content=\"784\" \/>\n\t<meta property=\"og:image:height\" content=\"520\" \/>\n\t<meta property=\"og:image:type\" content=\"image\/jpeg\" \/>\n<meta name=\"twitter:card\" content=\"summary_large_image\" \/>\n<meta name=\"twitter:site\" content=\"@TrufGourmet\" \/>\n<meta name=\"twitter:label1\" content=\"Dur\u00e9e de lecture estim\u00e9e\" \/>\n\t<meta name=\"twitter:data1\" content=\"3 minutes\" \/>\n<script type=\"application\/ld+json\" class=\"yoast-schema-graph\">{\"@context\":\"https:\/\/schema.org\",\"@graph\":[{\"@type\":\"WebPage\",\"@id\":\"https:\/\/www.trufgourmet.com\/fr\/nouvelles\/\",\"url\":\"https:\/\/www.trufgourmet.com\/fr\/nouvelles\/\",\"name\":\"Noticias sobre trufa negra - TrufGourmet\",\"isPartOf\":{\"@id\":\"https:\/\/www.trufgourmet.com\/fr\/#website\"},\"datePublished\":\"2015-11-25T17:00:07+00:00\",\"dateModified\":\"2023-11-24T12:18:55+00:00\",\"description\":\"Noticias sobre trufa negra. Mantente informado sobre el mundo de la micolog\u00eda, la trufa negra, tuber melanosporum. Actualidad, eventos, precios y mucho m\u00e1s.\",\"breadcrumb\":{\"@id\":\"https:\/\/www.trufgourmet.com\/fr\/nouvelles\/#breadcrumb\"},\"inLanguage\":\"fr-FR\",\"potentialAction\":[{\"@type\":\"ReadAction\",\"target\":[\"https:\/\/www.trufgourmet.com\/fr\/nouvelles\/\"]}]},{\"@type\":\"BreadcrumbList\",\"@id\":\"https:\/\/www.trufgourmet.com\/fr\/nouvelles\/#breadcrumb\",\"itemListElement\":[{\"@type\":\"ListItem\",\"position\":1,\"name\":\"Portada\",\"item\":\"https:\/\/www.trufgourmet.com\/fr\/\"},{\"@type\":\"ListItem\",\"position\":2,\"name\":\"Nouvelles\"}]},{\"@type\":\"WebSite\",\"@id\":\"https:\/\/www.trufgourmet.com\/fr\/#website\",\"url\":\"https:\/\/www.trufgourmet.com\/fr\/\",\"name\":\"TrufGourmet\",\"description\":\"El aut\u00e9ntico sabor inigualable de la trufa negra\",\"potentialAction\":[{\"@type\":\"SearchAction\",\"target\":{\"@type\":\"EntryPoint\",\"urlTemplate\":\"https:\/\/www.trufgourmet.com\/fr\/?s={search_term_string}\"},\"query-input\":{\"@type\":\"PropertyValueSpecification\",\"valueRequired\":true,\"valueName\":\"search_term_string\"}}],\"inLanguage\":\"fr-FR\"}]}<\/script>\n<!-- \/ Yoast SEO plugin. -->","yoast_head_json":{"title":"Noticias sobre trufa negra - TrufGourmet","description":"Noticias sobre trufa negra. Mantente informado sobre el mundo de la micolog\u00eda, la trufa negra, tuber melanosporum. Actualidad, eventos, precios y mucho m\u00e1s.","robots":{"index":"index","follow":"follow","max-snippet":"max-snippet:-1","max-image-preview":"max-image-preview:large","max-video-preview":"max-video-preview:-1"},"canonical":"https:\/\/www.trufgourmet.com\/fr\/nouvelles\/","og_locale":"fr_FR","og_type":"article","og_title":"Noticias sobre trufa negra - TrufGourmet","og_description":"Noticias sobre trufa negra. Mantente informado sobre el mundo de la micolog\u00eda, la trufa negra, tuber melanosporum. Actualidad, eventos, precios y mucho m\u00e1s.","og_url":"https:\/\/www.trufgourmet.com\/fr\/nouvelles\/","og_site_name":"TrufGourmet","article_publisher":"https:\/\/www.facebook.com\/TrufGourmet","article_modified_time":"2023-11-24T12:18:55+00:00","og_image":[{"width":784,"height":520,"url":"https:\/\/www.trufgourmet.com\/wp-content\/uploads\/2015\/12\/truf-gourmet-logo-texturas.jpg","type":"image\/jpeg"}],"twitter_card":"summary_large_image","twitter_site":"@TrufGourmet","twitter_misc":{"Dur\u00e9e de lecture estim\u00e9e":"3 minutes"},"schema":{"@context":"https:\/\/schema.org","@graph":[{"@type":"WebPage","@id":"https:\/\/www.trufgourmet.com\/fr\/nouvelles\/","url":"https:\/\/www.trufgourmet.com\/fr\/nouvelles\/","name":"Noticias sobre trufa negra - TrufGourmet","isPartOf":{"@id":"https:\/\/www.trufgourmet.com\/fr\/#website"},"datePublished":"2015-11-25T17:00:07+00:00","dateModified":"2023-11-24T12:18:55+00:00","description":"Noticias sobre trufa negra. Mantente informado sobre el mundo de la micolog\u00eda, la trufa negra, tuber melanosporum. Actualidad, eventos, precios y mucho m\u00e1s.","breadcrumb":{"@id":"https:\/\/www.trufgourmet.com\/fr\/nouvelles\/#breadcrumb"},"inLanguage":"fr-FR","potentialAction":[{"@type":"ReadAction","target":["https:\/\/www.trufgourmet.com\/fr\/nouvelles\/"]}]},{"@type":"BreadcrumbList","@id":"https:\/\/www.trufgourmet.com\/fr\/nouvelles\/#breadcrumb","itemListElement":[{"@type":"ListItem","position":1,"name":"Portada","item":"https:\/\/www.trufgourmet.com\/fr\/"},{"@type":"ListItem","position":2,"name":"Nouvelles"}]},{"@type":"WebSite","@id":"https:\/\/www.trufgourmet.com\/fr\/#website","url":"https:\/\/www.trufgourmet.com\/fr\/","name":"TrufGourmet","description":"El aut\u00e9ntico sabor inigualable de la trufa negra","potentialAction":[{"@type":"SearchAction","target":{"@type":"EntryPoint","urlTemplate":"https:\/\/www.trufgourmet.com\/fr\/?s={search_term_string}"},"query-input":{"@type":"PropertyValueSpecification","valueRequired":true,"valueName":"search_term_string"}}],"inLanguage":"fr-FR"}]}},"_links":{"self":[{"href":"https:\/\/www.trufgourmet.com\/fr\/wp-json\/wp\/v2\/pages\/276","targetHints":{"allow":["GET"]}}],"collection":[{"href":"https:\/\/www.trufgourmet.com\/fr\/wp-json\/wp\/v2\/pages"}],"about":[{"href":"https:\/\/www.trufgourmet.com\/fr\/wp-json\/wp\/v2\/types\/page"}],"author":[{"embeddable":true,"href":"https:\/\/www.trufgourmet.com\/fr\/wp-json\/wp\/v2\/users\/1"}],"replies":[{"embeddable":true,"href":"https:\/\/www.trufgourmet.com\/fr\/wp-json\/wp\/v2\/comments?post=276"}],"version-history":[{"count":5,"href":"https:\/\/www.trufgourmet.com\/fr\/wp-json\/wp\/v2\/pages\/276\/revisions"}],"predecessor-version":[{"id":2302,"href":"https:\/\/www.trufgourmet.com\/fr\/wp-json\/wp\/v2\/pages\/276\/revisions\/2302"}],"wp:attachment":[{"href":"https:\/\/www.trufgourmet.com\/fr\/wp-json\/wp\/v2\/media?parent=276"}],"curies":[{"name":"wp","href":"https:\/\/api.w.org\/{rel}","templated":true}]}}