{"id":278,"date":"2015-11-25T18:01:05","date_gmt":"2015-11-25T17:01:05","guid":{"rendered":"http:\/\/trufgourmet.com\/fr\/?page_id=278"},"modified":"2023-11-22T11:01:47","modified_gmt":"2023-11-22T10:01:47","slug":"recettes","status":"publish","type":"page","link":"https:\/\/www.trufgourmet.com\/fr\/recettes\/","title":{"rendered":"Recettes"},"content":{"rendered":"<p>[et_pb_section fb_built=\u00a0\u00bb1&Prime; fullwidth=\u00a0\u00bbon\u00a0\u00bb _builder_version=\u00a0\u00bb4.23&Prime; _module_preset=\u00a0\u00bbdefault\u00a0\u00bb global_colors_info=\u00a0\u00bb{}\u00a0\u00bb][et_pb_fullwidth_slider _builder_version=\u00a0\u00bb4.23&Prime; _module_preset=\u00a0\u00bbdefault\u00a0\u00bb header_text_align=\u00a0\u00bbleft\u00a0\u00bb global_colors_info=\u00a0\u00bb{}\u00a0\u00bb][et_pb_slide heading=\u00a0\u00bbLes meilleures recettes \u00e0 la truffe noire\u00a0\u00bb _builder_version=\u00a0\u00bb4.23&Prime; _module_preset=\u00a0\u00bbdefault\u00a0\u00bb header_level=\u00a0\u00bbh2&Prime; header_text_align=\u00a0\u00bbleft\u00a0\u00bb body_font_size=\u00a0\u00bb22px\u00a0\u00bb use_background_color_gradient=\u00a0\u00bbon\u00a0\u00bb background_color_gradient_stops=\u00a0\u00bbrgba(0,0,0,0.31) 0%|rgba(0,0,0,0.31) 100%\u00a0\u00bb background_color_gradient_overlays_image=\u00a0\u00bbon\u00a0\u00bb background_image=\u00a0\u00bbhttps:\/\/beta.trufgourmet.com\/wp-content\/uploads\/2023\/10\/recetas-trufgourmet.png\u00a0\u00bb background_enable_image=\u00a0\u00bbon\u00a0\u00bb parallax=\u00a0\u00bbon\u00a0\u00bb custom_button=\u00a0\u00bbon\u00a0\u00bb button_text_size=\u00a0\u00bb18px\u00a0\u00bb button_text_color=\u00a0\u00bb#FFFFFF\u00a0\u00bb button_bg_color=\u00a0\u00bbRGBA(255,255,255,0)\u00a0\u00bb button_border_width=\u00a0\u00bb3px\u00a0\u00bb button_border_color=\u00a0\u00bb#A38526&Prime; button_border_radius=\u00a0\u00bb0px\u00a0\u00bb button_letter_spacing=\u00a0\u00bb1px\u00a0\u00bb button_font=\u00a0\u00bbAboreto||||||||\u00a0\u00bb button_use_icon=\u00a0\u00bboff\u00a0\u00bb button_custom_padding=\u00a0\u00bb12px|30px|12px|30px|true|true\u00a0\u00bb text_orientation=\u00a0\u00bbleft\u00a0\u00bb header_font_size_tablet=\u00a0\u00bb42px\u00a0\u00bb header_font_size_phone=\u00a0\u00bb29px\u00a0\u00bb header_font_size_last_edited=\u00a0\u00bbon|phone\u00a0\u00bb body_font_size_tablet=\u00a0\u00bb\u00a0\u00bb body_font_size_phone=\u00a0\u00bb20px\u00a0\u00bb body_font_size_last_edited=\u00a0\u00bbon|tablet\u00a0\u00bb button_text_size_tablet=\u00a0\u00bb17px\u00a0\u00bb button_text_size_phone=\u00a0\u00bb16px\u00a0\u00bb button_text_size_last_edited=\u00a0\u00bbon|phone\u00a0\u00bb global_colors_info=\u00a0\u00bb{}\u00a0\u00bb button_bg_color__hover_enabled=\u00a0\u00bbon|hover\u00a0\u00bb button_bg_color__hover=\u00a0\u00bb#A38526&Prime; button_bg_enable_color__hover=\u00a0\u00bbon\u00a0\u00bb sticky_transition=\u00a0\u00bbon\u00a0\u00bb][\/et_pb_slide][\/et_pb_fullwidth_slider][\/et_pb_section][et_pb_section fb_built=\u00a0\u00bb1&Prime; custom_padding_last_edited=\u00a0\u00bbon|phone\u00a0\u00bb _builder_version=\u00a0\u00bb4.23&Prime; background_enable_color=\u00a0\u00bboff\u00a0\u00bb background_enable_image=\u00a0\u00bboff\u00a0\u00bb custom_padding=\u00a0\u00bb107px|0px|124px|0px|false|false\u00a0\u00bb custom_padding_tablet=\u00a0\u00bb50px||50px||true|false\u00a0\u00bb custom_padding_phone=\u00a0\u00bb30px||30px||true|false\u00a0\u00bb global_colors_info=\u00a0\u00bb{}\u00a0\u00bb][et_pb_row _builder_version=\u00a0\u00bb4.23&Prime; custom_padding=\u00a0\u00bb27px|0px|18px|0px|false|false\u00a0\u00bb animation_style=\u00a0\u00bbslide\u00a0\u00bb animation_direction=\u00a0\u00bbtop\u00a0\u00bb animation_intensity_slide=\u00a0\u00bb5%\u00a0\u00bb global_colors_info=\u00a0\u00bb{}\u00a0\u00bb][et_pb_column type=\u00a0\u00bb4_4&Prime; _builder_version=\u00a0\u00bb4.16&Prime; custom_padding=\u00a0\u00bb|||\u00a0\u00bb global_colors_info=\u00a0\u00bb{}\u00a0\u00bb custom_padding__hover=\u00a0\u00bb|||\u00a0\u00bb][et_pb_text _builder_version=\u00a0\u00bb4.23&Prime; text_text_color=\u00a0\u00bb#000000&Prime; text_line_height=\u00a0\u00bb1.8em\u00a0\u00bb header_font=\u00a0\u00bbOswald|||on|||||\u00a0\u00bb header_text_align=\u00a0\u00bbcenter\u00a0\u00bb header_text_color=\u00a0\u00bb#844200&Prime; header_letter_spacing=\u00a0\u00bb2px\u00a0\u00bb header_line_height=\u00a0\u00bb1.3em\u00a0\u00bb header_2_text_color=\u00a0\u00bb#A38526&Prime; text_orientation=\u00a0\u00bbcenter\u00a0\u00bb max_width=\u00a0\u00bb60%\u00a0\u00bb max_width_tablet=\u00a0\u00bb85%\u00a0\u00bb max_width_phone=\u00a0\u00bb100%\u00a0\u00bb max_width_last_edited=\u00a0\u00bbon|phone\u00a0\u00bb module_alignment=\u00a0\u00bbcenter\u00a0\u00bb header_2_font_size_tablet=\u00a0\u00bb\u00a0\u00bb header_2_font_size_phone=\u00a0\u00bb25px\u00a0\u00bb header_2_font_size_last_edited=\u00a0\u00bbon|phone\u00a0\u00bb text_orientation_tablet=\u00a0\u00bbcenter\u00a0\u00bb text_orientation_phone=\u00a0\u00bbleft\u00a0\u00bb text_orientation_last_edited=\u00a0\u00bbon|phone\u00a0\u00bb global_colors_info=\u00a0\u00bb{}\u00a0\u00bb]<\/p>\n<h2>Bienvenue dans notre coin gourmand !<\/h2>\n<p>D\u00e9couvrez la saveur incomparable de la truffe noire \u00e0 travers <strong>nos recettes exclusives et exquises<\/strong>. Chez Trufgourmet, nous vous proposons une s\u00e9lection unique de plats o\u00f9 la <strong>truffe noire est l\u00b4ingr\u00e9dient principal<\/strong>.<\/p>\n<p>[\/et_pb_text][\/et_pb_column][\/et_pb_row][et_pb_row _builder_version=\u00a0\u00bb4.23&Prime; _module_preset=\u00a0\u00bbdefault\u00a0\u00bb global_colors_info=\u00a0\u00bb{}\u00a0\u00bb][et_pb_column type=\u00a0\u00bb4_4&Prime; _builder_version=\u00a0\u00bb4.23&Prime; _module_preset=\u00a0\u00bbdefault\u00a0\u00bb global_colors_info=\u00a0\u00bb{}\u00a0\u00bb][et_pb_blog fullwidth=\u00a0\u00bboff\u00a0\u00bb include_categories=\u00a0\u00bb2&Prime; meta_date=\u00a0\u00bbj M Y\u00a0\u00bb show_author=\u00a0\u00bboff\u00a0\u00bb show_date=\u00a0\u00bboff\u00a0\u00bb show_categories=\u00a0\u00bboff\u00a0\u00bb show_pagination=\u00a0\u00bboff\u00a0\u00bb _builder_version=\u00a0\u00bb4.23&Prime; _module_preset=\u00a0\u00bbdefault\u00a0\u00bb header_text_color=\u00a0\u00bb#000000&Prime; header_font_size=\u00a0\u00bb19px\u00a0\u00bb body_text_color=\u00a0\u00bb#3D3C3F\u00a0\u00bb body_font_size=\u00a0\u00bb17px\u00a0\u00bb body_line_height=\u00a0\u00bb1.4em\u00a0\u00bb meta_font=\u00a0\u00bb|300|||||||\u00a0\u00bb meta_text_color=\u00a0\u00bb#A38526&Prime; custom_css_featured_image=\u00a0\u00bbborder-left: 1.2px solid #A38526!important;||border-right: 1.2px solid #A38526!important;||border-top: 1.2px solid #A38526!important;\u00a0\u00bb border_width_all=\u00a0\u00bb2px\u00a0\u00bb border_color_all=\u00a0\u00bb#A38526&Prime; box_shadow_style=\u00a0\u00bbpreset3&Prime; box_shadow_color=\u00a0\u00bbrgba(0,0,0,0.2)\u00a0\u00bb global_colors_info=\u00a0\u00bb{}\u00a0\u00bb][\/et_pb_blog][\/et_pb_column][\/et_pb_row][\/et_pb_section]<\/p>\n","protected":false},"excerpt":{"rendered":"<p>Bienvenue dans notre coin gourmand ! D\u00e9couvrez la saveur incomparable de la truffe noire \u00e0 travers nos recettes exclusives et exquises. Chez Trufgourmet, nous vous proposons une s\u00e9lection unique de plats o\u00f9 la truffe noire est l\u00b4ingr\u00e9dient principal.<\/p>\n","protected":false},"author":1,"featured_media":0,"parent":0,"menu_order":0,"comment_status":"closed","ping_status":"closed","template":"","meta":{"_et_pb_use_builder":"on","_et_pb_old_content":"","_et_gb_content_width":"","inline_featured_image":false,"_monsterinsights_skip_tracking":false,"_monsterinsights_sitenote_active":false,"_monsterinsights_sitenote_note":"","_monsterinsights_sitenote_category":0,"footnotes":""},"class_list":["post-278","page","type-page","status-publish","hentry"],"yoast_head":"<!-- This site is optimized with the Yoast SEO plugin v25.5 - https:\/\/yoast.com\/wordpress\/plugins\/seo\/ -->\n<title>Recettes \u00e0 base de truffe noire et conseils de pr\u00e9paration- TrufGourmet<\/title>\n<meta name=\"description\" content=\"D\u00e9couvrez nos d\u00e9licieuses recettes \u00e0 base de truffe noire. Conseils de pr\u00e9paration pour profiter de toute la saveur et de l&#039;ar\u00f4me de la Tuber Melanosporum.\" \/>\n<meta name=\"robots\" content=\"index, follow, max-snippet:-1, max-image-preview:large, max-video-preview:-1\" \/>\n<link rel=\"canonical\" href=\"https:\/\/www.trufgourmet.com\/fr\/recettes\/\" \/>\n<meta property=\"og:locale\" content=\"fr_FR\" \/>\n<meta property=\"og:type\" content=\"article\" \/>\n<meta property=\"og:title\" content=\"Recettes \u00e0 base de truffe noire et conseils de pr\u00e9paration- TrufGourmet\" \/>\n<meta property=\"og:description\" content=\"D\u00e9couvrez nos d\u00e9licieuses recettes \u00e0 base de truffe noire. Conseils de pr\u00e9paration pour profiter de toute la saveur et de l&#039;ar\u00f4me de la Tuber Melanosporum.\" \/>\n<meta property=\"og:url\" content=\"https:\/\/www.trufgourmet.com\/fr\/recettes\/\" \/>\n<meta property=\"og:site_name\" content=\"TrufGourmet\" \/>\n<meta property=\"article:publisher\" content=\"https:\/\/www.facebook.com\/TrufGourmet\" \/>\n<meta property=\"article:modified_time\" content=\"2023-11-22T10:01:47+00:00\" \/>\n<meta property=\"og:image\" content=\"https:\/\/www.trufgourmet.com\/wp-content\/uploads\/2015\/12\/truf-gourmet-logo-texturas.jpg\" \/>\n\t<meta property=\"og:image:width\" content=\"784\" \/>\n\t<meta property=\"og:image:height\" content=\"520\" \/>\n\t<meta property=\"og:image:type\" content=\"image\/jpeg\" \/>\n<meta name=\"twitter:card\" content=\"summary_large_image\" \/>\n<meta name=\"twitter:site\" content=\"@TrufGourmet\" \/>\n<meta name=\"twitter:label1\" content=\"Dur\u00e9e de lecture estim\u00e9e\" \/>\n\t<meta name=\"twitter:data1\" content=\"3 minutes\" \/>\n<script type=\"application\/ld+json\" class=\"yoast-schema-graph\">{\"@context\":\"https:\/\/schema.org\",\"@graph\":[{\"@type\":\"WebPage\",\"@id\":\"https:\/\/www.trufgourmet.com\/fr\/recettes\/\",\"url\":\"https:\/\/www.trufgourmet.com\/fr\/recettes\/\",\"name\":\"Recettes \u00e0 base de truffe noire et conseils de pr\u00e9paration- TrufGourmet\",\"isPartOf\":{\"@id\":\"https:\/\/www.trufgourmet.com\/fr\/#website\"},\"datePublished\":\"2015-11-25T17:01:05+00:00\",\"dateModified\":\"2023-11-22T10:01:47+00:00\",\"description\":\"D\u00e9couvrez nos d\u00e9licieuses recettes \u00e0 base de truffe noire. Conseils de pr\u00e9paration pour profiter de toute la saveur et de l'ar\u00f4me de la Tuber Melanosporum.\",\"breadcrumb\":{\"@id\":\"https:\/\/www.trufgourmet.com\/fr\/recettes\/#breadcrumb\"},\"inLanguage\":\"fr-FR\",\"potentialAction\":[{\"@type\":\"ReadAction\",\"target\":[\"https:\/\/www.trufgourmet.com\/fr\/recettes\/\"]}]},{\"@type\":\"BreadcrumbList\",\"@id\":\"https:\/\/www.trufgourmet.com\/fr\/recettes\/#breadcrumb\",\"itemListElement\":[{\"@type\":\"ListItem\",\"position\":1,\"name\":\"Portada\",\"item\":\"https:\/\/www.trufgourmet.com\/fr\/\"},{\"@type\":\"ListItem\",\"position\":2,\"name\":\"Recettes\"}]},{\"@type\":\"WebSite\",\"@id\":\"https:\/\/www.trufgourmet.com\/fr\/#website\",\"url\":\"https:\/\/www.trufgourmet.com\/fr\/\",\"name\":\"TrufGourmet\",\"description\":\"El aut\u00e9ntico sabor inigualable de la trufa negra\",\"potentialAction\":[{\"@type\":\"SearchAction\",\"target\":{\"@type\":\"EntryPoint\",\"urlTemplate\":\"https:\/\/www.trufgourmet.com\/fr\/?s={search_term_string}\"},\"query-input\":{\"@type\":\"PropertyValueSpecification\",\"valueRequired\":true,\"valueName\":\"search_term_string\"}}],\"inLanguage\":\"fr-FR\"}]}<\/script>\n<!-- \/ Yoast SEO plugin. -->","yoast_head_json":{"title":"Recettes \u00e0 base de truffe noire et conseils de pr\u00e9paration- TrufGourmet","description":"D\u00e9couvrez nos d\u00e9licieuses recettes \u00e0 base de truffe noire. Conseils de pr\u00e9paration pour profiter de toute la saveur et de l'ar\u00f4me de la Tuber Melanosporum.","robots":{"index":"index","follow":"follow","max-snippet":"max-snippet:-1","max-image-preview":"max-image-preview:large","max-video-preview":"max-video-preview:-1"},"canonical":"https:\/\/www.trufgourmet.com\/fr\/recettes\/","og_locale":"fr_FR","og_type":"article","og_title":"Recettes \u00e0 base de truffe noire et conseils de pr\u00e9paration- TrufGourmet","og_description":"D\u00e9couvrez nos d\u00e9licieuses recettes \u00e0 base de truffe noire. Conseils de pr\u00e9paration pour profiter de toute la saveur et de l'ar\u00f4me de la Tuber Melanosporum.","og_url":"https:\/\/www.trufgourmet.com\/fr\/recettes\/","og_site_name":"TrufGourmet","article_publisher":"https:\/\/www.facebook.com\/TrufGourmet","article_modified_time":"2023-11-22T10:01:47+00:00","og_image":[{"width":784,"height":520,"url":"https:\/\/www.trufgourmet.com\/wp-content\/uploads\/2015\/12\/truf-gourmet-logo-texturas.jpg","type":"image\/jpeg"}],"twitter_card":"summary_large_image","twitter_site":"@TrufGourmet","twitter_misc":{"Dur\u00e9e de lecture estim\u00e9e":"3 minutes"},"schema":{"@context":"https:\/\/schema.org","@graph":[{"@type":"WebPage","@id":"https:\/\/www.trufgourmet.com\/fr\/recettes\/","url":"https:\/\/www.trufgourmet.com\/fr\/recettes\/","name":"Recettes \u00e0 base de truffe noire et conseils de pr\u00e9paration- TrufGourmet","isPartOf":{"@id":"https:\/\/www.trufgourmet.com\/fr\/#website"},"datePublished":"2015-11-25T17:01:05+00:00","dateModified":"2023-11-22T10:01:47+00:00","description":"D\u00e9couvrez nos d\u00e9licieuses recettes \u00e0 base de truffe noire. Conseils de pr\u00e9paration pour profiter de toute la saveur et de l'ar\u00f4me de la Tuber Melanosporum.","breadcrumb":{"@id":"https:\/\/www.trufgourmet.com\/fr\/recettes\/#breadcrumb"},"inLanguage":"fr-FR","potentialAction":[{"@type":"ReadAction","target":["https:\/\/www.trufgourmet.com\/fr\/recettes\/"]}]},{"@type":"BreadcrumbList","@id":"https:\/\/www.trufgourmet.com\/fr\/recettes\/#breadcrumb","itemListElement":[{"@type":"ListItem","position":1,"name":"Portada","item":"https:\/\/www.trufgourmet.com\/fr\/"},{"@type":"ListItem","position":2,"name":"Recettes"}]},{"@type":"WebSite","@id":"https:\/\/www.trufgourmet.com\/fr\/#website","url":"https:\/\/www.trufgourmet.com\/fr\/","name":"TrufGourmet","description":"El aut\u00e9ntico sabor inigualable de la trufa negra","potentialAction":[{"@type":"SearchAction","target":{"@type":"EntryPoint","urlTemplate":"https:\/\/www.trufgourmet.com\/fr\/?s={search_term_string}"},"query-input":{"@type":"PropertyValueSpecification","valueRequired":true,"valueName":"search_term_string"}}],"inLanguage":"fr-FR"}]}},"_links":{"self":[{"href":"https:\/\/www.trufgourmet.com\/fr\/wp-json\/wp\/v2\/pages\/278","targetHints":{"allow":["GET"]}}],"collection":[{"href":"https:\/\/www.trufgourmet.com\/fr\/wp-json\/wp\/v2\/pages"}],"about":[{"href":"https:\/\/www.trufgourmet.com\/fr\/wp-json\/wp\/v2\/types\/page"}],"author":[{"embeddable":true,"href":"https:\/\/www.trufgourmet.com\/fr\/wp-json\/wp\/v2\/users\/1"}],"replies":[{"embeddable":true,"href":"https:\/\/www.trufgourmet.com\/fr\/wp-json\/wp\/v2\/comments?post=278"}],"version-history":[{"count":7,"href":"https:\/\/www.trufgourmet.com\/fr\/wp-json\/wp\/v2\/pages\/278\/revisions"}],"predecessor-version":[{"id":2207,"href":"https:\/\/www.trufgourmet.com\/fr\/wp-json\/wp\/v2\/pages\/278\/revisions\/2207"}],"wp:attachment":[{"href":"https:\/\/www.trufgourmet.com\/fr\/wp-json\/wp\/v2\/media?parent=278"}],"curies":[{"name":"wp","href":"https:\/\/api.w.org\/{rel}","templated":true}]}}